{"id":8,"date":"2012-01-11T15:29:11","date_gmt":"2012-01-11T15:29:11","guid":{"rendered":"http:\/\/www.ofenbau-krezdorn.com\/?page_id=8"},"modified":"2017-05-18T14:17:19","modified_gmt":"2017-05-18T14:17:19","slug":"umwelt-technik","status":"publish","type":"page","link":"https:\/\/www.ofenbau-krezdorn.com\/?page_id=8","title":{"rendered":"Umwelt &#038; Technik"},"content":{"rendered":"<h3>Behaglichkeit \u2013 Strahlungsw\u00e4rme kontra Str\u00f6mungsw\u00e4rme<\/h3>\n<p>&nbsp;<\/p>\n<p>Man unterscheidet zwei verschiedene Typen von W\u00e4rmeausbreitung, n\u00e4mlich Strahlung und Str\u00f6mung. Bei der Strahlungsw\u00e4rme wird die W\u00e4rme in Form von Strahlung von der Ofenoberfl\u00e4che direkt an den Raum abgegeben. Diese W\u00e4rme wird vom Menschen als besonders behaglich und wohltuend empfunden, vergleichbar mit der w\u00e4rmenden Wirkung der Sonne. Bei der Konvektion, der Str\u00f6mungsw\u00e4rme, wird die Luft erw\u00e4rmt, sodass sich die Raumtemperatur erh\u00f6ht. Die warme Luft steigt auf und zirkuliert im Raum. Mit unseren \u00d6fen k\u00f6nnen Sie je nach Bedarf beides haben.<\/p>\n<p>&nbsp;<\/p>\n<p>Es gibt ein paar Dinge, die Sie als unser Kunde bei Ihrem Ofen unbedingt ber\u00fccksichtigen sollten:<\/p>\n<h3><span style=\"color: #888888;\">&#8211; Richtiger Brennstoff<\/span><\/h3>\n<p>Trockenes, naturbelassenes und unbehandeltes Holz oder Holzbrennstoffe. Nur bis maximal 17% Restfeuchte.<\/p>\n<p>&nbsp;<\/p>\n<h3><span style=\"color: #888888;\">&#8211; Richtig lagern<\/span><\/h3>\n<p>Holz bereits gespalten, trocken und gut durchl\u00fcftet lagern. Laubholz mindestens 2 Jahre, Nadelholz mindestens 1 Jahr.<\/p>\n<p>&nbsp;<\/p>\n<h3><span style=\"color: #888888;\">&#8211; Richtig bedienen<\/span><\/h3>\n<p>Vor dem Anz\u00fcnden die Luftklappen und den Kaminschieber voll \u00f6ffnen.<\/p>\n<p>&nbsp;<\/p>\n<h3><span style=\"color: #888888;\">&#8211; Richtig einf\u00fcllen<\/span><\/h3>\n<p>Kreuzweises, lockeres Aufeinanderlegen der Holzscheite mit einem Durchmesser von max. 5-8 cm. Brennstoffmenge laut Bedienungsanleitung.<\/p>\n<p>&nbsp;<\/p>\n<h3><span style=\"color: #888888;\">&#8211; Richtig anfeuern<\/span><\/h3>\n<p>Mit sogenannten Anfeuerhilfen, wie Holzwolle oder Holzsp\u00e4ne. Papier ist zul\u00e4ssig, aber nur in kleinen Mengen. Durch das Anfeuern von oben wird deutlich weniger Rauch erzeugt.<\/p>\n<p>&nbsp;<\/p>\n<h3><span style=\"color: #888888;\">&#8211; Richtige Verbrennung<\/span><\/h3>\n<p>W\u00e4hrend das Feuer brennt, bleiben die Luftklappen zur G\u00e4nze offen. Eine helle, gelb-r\u00f6tliche und lebhafte Flamme ist Anzeichen f\u00fcr ausreichend Luftzufuhr. Die Luft\u00f6ffnungen schlie\u00dfen, sobald die Gasbildung abgeschlossen ist und die Glut nur noch kurze, blaue Fl\u00e4mmchen aufweist. Ein Nachlegen von neuem Brennstoff darf nur auf die Glut erfolgen. Meist ist die Brennkammer so berechnet, dass eine F\u00fcllung f\u00fcr einmal Aufheizen reicht.<\/p>\n<p>&nbsp;<\/p>\n<h3><span style=\"color: #888888;\">&#8211; Richtig reinigen \u2013 durch den Betreiber<\/span><\/h3>\n<p>Bei guter Verbrennung gen\u00fcgt das Entfernen der Asche aus dem Feuerraum in gr\u00f6\u00dferen Zeitabst\u00e4nden, Bedienungsanleitung beachten. Beim Entfernen ist es ratsam, eine ca. 2 cm dicke Aschenschicht im Ofen zu belassen. Diese d\u00e4mmt nach unten und sch\u00fctzt die Baustoffe. Wichtig ist, dass die Asche die Luftzufuhr nicht behindert. Feine, grau-wei\u00dfe Aschepartikel sind Ausdruck einer vollst\u00e4ndigen Verbrennung.<\/p>\n<p>&nbsp;<\/p>\n<h3><span style=\"color: #888888;\">&#8211; Richtig warten \u2013 durch den Fachmann<\/span><\/h3>\n<p>Die Kontrolle und \u00dcberpr\u00fcfung der mechanischen und elektronischen Teile der Anlage erfolgen regelm\u00e4\u00dfig max. alle 5 Jahre durch uns. Der Kaminkehrer sorgt f\u00fcr eine regelm\u00e4\u00dfige Reinigung der Kamine und Feuerst\u00e4tten. Dadurch werden die Feinstaubemissionen reduziert, wertvoller Brennstoff eingespart, die Kaminbrandgefahr verringert sowie eventuelle Sch\u00e4den und Probleme werden fr\u00fchzeitig erkannt.<\/p>\n<p>&nbsp;<\/p>\n<h3><span style=\"color: #888888;\">&#8211; Was auch noch besonders wichtig ist:<\/span> <span style=\"color: #888888;\">Holz\u00f6fen sind keine Abfallschlucker<\/span><\/h3>\n<p>Auch der beste Ofen kann die Umwelt belasten. Wenn er als M\u00fcllverbrennungsofen missbraucht wird. Verwenden Sie deshalb nur unbehandeltes und trockenes Holz. Sehr schlecht ist das Verbrennen von Spanplatten, Sperrholz, gebeiztem oder gar beschichtetem Holz. Im Ofen d\u00fcrfen weder Abf\u00e4lle aus dem Haushalt noch M\u00f6bel oder Holzabf\u00e4lle von Baustellen verbrannt werden. Die Verbrennung von behandeltem Holz oder von Abf\u00e4llen und M\u00fcll erzeugt zudem sch\u00e4dliche Gifte!<\/p>\n<p>&nbsp;<\/p>\n<p>&nbsp;<\/p>\n<p>&nbsp;<\/p>\n<p>&nbsp;<\/p>\n<p>&nbsp;<\/p>\n","protected":false},"excerpt":{"rendered":"<p>Behaglichkeit \u2013 Strahlungsw\u00e4rme kontra Str\u00f6mungsw\u00e4rme &nbsp; Man unterscheidet zwei verschiedene Typen von W\u00e4rmeausbreitung, n\u00e4mlich Strahlung und Str\u00f6mung. Bei der Strahlungsw\u00e4rme wird die W\u00e4rme in Form von Strahlung von der Ofenoberfl\u00e4che direkt an den Raum abgegeben. [&hellip;]<\/p>\n","protected":false},"author":1,"featured_media":127,"parent":0,"menu_order":0,"comment_status":"open","ping_status":"open","template":"","meta":[],"acf":[],"yoast_head":"<!-- This site is optimized with the Yoast SEO plugin v19.3 - https:\/\/yoast.com\/wordpress\/plugins\/seo\/ -->\n<title>Umweltfreundlicher Ofen \u2013 Ofenbau Krezdorn in S\u00fcdtirol<\/title>\n<meta name=\"description\" content=\"Sind Sie auf der Suche nach einen Umweltfreundlichen Ofen? Ofenbau Krezdorn ist der ideale Ansprechpartner daf\u00fcr. Jetzt Termin vereinbaren!\" \/>\n<meta name=\"robots\" content=\"index, follow, max-snippet:-1, max-image-preview:large, max-video-preview:-1\" \/>\n<link rel=\"canonical\" href=\"https:\/\/www.ofenbau-krezdorn.com\/?page_id=8\" \/>\n<meta property=\"og:locale\" content=\"de_DE\" \/>\n<meta property=\"og:type\" content=\"article\" \/>\n<meta property=\"og:title\" content=\"Umweltfreundlicher Ofen \u2013 Ofenbau Krezdorn in S\u00fcdtirol\" \/>\n<meta property=\"og:description\" content=\"Sind Sie auf der Suche nach einen Umweltfreundlichen Ofen? Ofenbau Krezdorn ist der ideale Ansprechpartner daf\u00fcr. Jetzt Termin vereinbaren!\" \/>\n<meta property=\"og:url\" content=\"https:\/\/www.ofenbau-krezdorn.com\/?page_id=8\" \/>\n<meta property=\"og:site_name\" content=\"Ofensetzer Florian Krezdorn\" \/>\n<meta property=\"article:modified_time\" content=\"2017-05-18T14:17:19+00:00\" \/>\n<meta property=\"og:image\" content=\"https:\/\/www.ofenbau-krezdorn.com\/wp-content\/uploads\/2012\/01\/umwelt1.jpg\" \/>\n\t<meta property=\"og:image:width\" content=\"680\" \/>\n\t<meta property=\"og:image:height\" content=\"250\" \/>\n\t<meta property=\"og:image:type\" content=\"image\/jpeg\" \/>\n<meta name=\"twitter:card\" content=\"summary\" \/>\n<meta name=\"twitter:label1\" content=\"Gesch\u00e4tzte Lesezeit\" \/>\n\t<meta name=\"twitter:data1\" content=\"3\u00a0Minuten\" \/>\n<script type=\"application\/ld+json\" class=\"yoast-schema-graph\">{\"@context\":\"https:\/\/schema.org\",\"@graph\":[{\"@type\":\"WebSite\",\"@id\":\"https:\/\/www.ofenbau-krezdorn.com\/#website\",\"url\":\"https:\/\/www.ofenbau-krezdorn.com\/\",\"name\":\"Ofensetzer Florian Krezdorn\",\"description\":\"St. Martin in Passeier\",\"potentialAction\":[{\"@type\":\"SearchAction\",\"target\":{\"@type\":\"EntryPoint\",\"urlTemplate\":\"https:\/\/www.ofenbau-krezdorn.com\/?s={search_term_string}\"},\"query-input\":\"required name=search_term_string\"}],\"inLanguage\":\"de\"},{\"@type\":\"ImageObject\",\"inLanguage\":\"de\",\"@id\":\"https:\/\/www.ofenbau-krezdorn.com\/?page_id=8#primaryimage\",\"url\":\"https:\/\/www.ofenbau-krezdorn.com\/wp-content\/uploads\/2012\/01\/umwelt1.jpg\",\"contentUrl\":\"https:\/\/www.ofenbau-krezdorn.com\/wp-content\/uploads\/2012\/01\/umwelt1.jpg\",\"width\":\"680\",\"height\":\"250\"},{\"@type\":\"WebPage\",\"@id\":\"https:\/\/www.ofenbau-krezdorn.com\/?page_id=8\",\"url\":\"https:\/\/www.ofenbau-krezdorn.com\/?page_id=8\",\"name\":\"Umweltfreundlicher Ofen \u2013 Ofenbau Krezdorn in S\u00fcdtirol\",\"isPartOf\":{\"@id\":\"https:\/\/www.ofenbau-krezdorn.com\/#website\"},\"primaryImageOfPage\":{\"@id\":\"https:\/\/www.ofenbau-krezdorn.com\/?page_id=8#primaryimage\"},\"datePublished\":\"2012-01-11T15:29:11+00:00\",\"dateModified\":\"2017-05-18T14:17:19+00:00\",\"description\":\"Sind Sie auf der Suche nach einen Umweltfreundlichen Ofen? Ofenbau Krezdorn ist der ideale Ansprechpartner daf\u00fcr. Jetzt Termin vereinbaren!\",\"breadcrumb\":{\"@id\":\"https:\/\/www.ofenbau-krezdorn.com\/?page_id=8#breadcrumb\"},\"inLanguage\":\"de\",\"potentialAction\":[{\"@type\":\"ReadAction\",\"target\":[\"https:\/\/www.ofenbau-krezdorn.com\/?page_id=8\"]}]},{\"@type\":\"BreadcrumbList\",\"@id\":\"https:\/\/www.ofenbau-krezdorn.com\/?page_id=8#breadcrumb\",\"itemListElement\":[{\"@type\":\"ListItem\",\"position\":1,\"name\":\"Startseite\",\"item\":\"https:\/\/www.ofenbau-krezdorn.com\/\"},{\"@type\":\"ListItem\",\"position\":2,\"name\":\"Umwelt &#038; Technik\"}]}]}<\/script>\n<!-- \/ Yoast SEO plugin. -->","yoast_head_json":{"title":"Umweltfreundlicher Ofen \u2013 Ofenbau Krezdorn in S\u00fcdtirol","description":"Sind Sie auf der Suche nach einen Umweltfreundlichen Ofen? Ofenbau Krezdorn ist der ideale Ansprechpartner daf\u00fcr. Jetzt Termin vereinbaren!","robots":{"index":"index","follow":"follow","max-snippet":"max-snippet:-1","max-image-preview":"max-image-preview:large","max-video-preview":"max-video-preview:-1"},"canonical":"https:\/\/www.ofenbau-krezdorn.com\/?page_id=8","og_locale":"de_DE","og_type":"article","og_title":"Umweltfreundlicher Ofen \u2013 Ofenbau Krezdorn in S\u00fcdtirol","og_description":"Sind Sie auf der Suche nach einen Umweltfreundlichen Ofen? Ofenbau Krezdorn ist der ideale Ansprechpartner daf\u00fcr. Jetzt Termin vereinbaren!","og_url":"https:\/\/www.ofenbau-krezdorn.com\/?page_id=8","og_site_name":"Ofensetzer Florian Krezdorn","article_modified_time":"2017-05-18T14:17:19+00:00","og_image":[{"width":"680","height":"250","url":"https:\/\/www.ofenbau-krezdorn.com\/wp-content\/uploads\/2012\/01\/umwelt1.jpg","type":"image\/jpeg"}],"twitter_card":"summary","twitter_misc":{"Gesch\u00e4tzte Lesezeit":"3\u00a0Minuten"},"schema":{"@context":"https:\/\/schema.org","@graph":[{"@type":"WebSite","@id":"https:\/\/www.ofenbau-krezdorn.com\/#website","url":"https:\/\/www.ofenbau-krezdorn.com\/","name":"Ofensetzer Florian Krezdorn","description":"St. Martin in Passeier","potentialAction":[{"@type":"SearchAction","target":{"@type":"EntryPoint","urlTemplate":"https:\/\/www.ofenbau-krezdorn.com\/?s={search_term_string}"},"query-input":"required name=search_term_string"}],"inLanguage":"de"},{"@type":"ImageObject","inLanguage":"de","@id":"https:\/\/www.ofenbau-krezdorn.com\/?page_id=8#primaryimage","url":"https:\/\/www.ofenbau-krezdorn.com\/wp-content\/uploads\/2012\/01\/umwelt1.jpg","contentUrl":"https:\/\/www.ofenbau-krezdorn.com\/wp-content\/uploads\/2012\/01\/umwelt1.jpg","width":"680","height":"250"},{"@type":"WebPage","@id":"https:\/\/www.ofenbau-krezdorn.com\/?page_id=8","url":"https:\/\/www.ofenbau-krezdorn.com\/?page_id=8","name":"Umweltfreundlicher Ofen \u2013 Ofenbau Krezdorn in S\u00fcdtirol","isPartOf":{"@id":"https:\/\/www.ofenbau-krezdorn.com\/#website"},"primaryImageOfPage":{"@id":"https:\/\/www.ofenbau-krezdorn.com\/?page_id=8#primaryimage"},"datePublished":"2012-01-11T15:29:11+00:00","dateModified":"2017-05-18T14:17:19+00:00","description":"Sind Sie auf der Suche nach einen Umweltfreundlichen Ofen? Ofenbau Krezdorn ist der ideale Ansprechpartner daf\u00fcr. Jetzt Termin vereinbaren!","breadcrumb":{"@id":"https:\/\/www.ofenbau-krezdorn.com\/?page_id=8#breadcrumb"},"inLanguage":"de","potentialAction":[{"@type":"ReadAction","target":["https:\/\/www.ofenbau-krezdorn.com\/?page_id=8"]}]},{"@type":"BreadcrumbList","@id":"https:\/\/www.ofenbau-krezdorn.com\/?page_id=8#breadcrumb","itemListElement":[{"@type":"ListItem","position":1,"name":"Startseite","item":"https:\/\/www.ofenbau-krezdorn.com\/"},{"@type":"ListItem","position":2,"name":"Umwelt &#038; Technik"}]}]}},"_links":{"self":[{"href":"https:\/\/www.ofenbau-krezdorn.com\/index.php?rest_route=\/wp\/v2\/pages\/8"}],"collection":[{"href":"https:\/\/www.ofenbau-krezdorn.com\/index.php?rest_route=\/wp\/v2\/pages"}],"about":[{"href":"https:\/\/www.ofenbau-krezdorn.com\/index.php?rest_route=\/wp\/v2\/types\/page"}],"author":[{"embeddable":true,"href":"https:\/\/www.ofenbau-krezdorn.com\/index.php?rest_route=\/wp\/v2\/users\/1"}],"replies":[{"embeddable":true,"href":"https:\/\/www.ofenbau-krezdorn.com\/index.php?rest_route=%2Fwp%2Fv2%2Fcomments&post=8"}],"version-history":[{"count":11,"href":"https:\/\/www.ofenbau-krezdorn.com\/index.php?rest_route=\/wp\/v2\/pages\/8\/revisions"}],"predecessor-version":[{"id":439,"href":"https:\/\/www.ofenbau-krezdorn.com\/index.php?rest_route=\/wp\/v2\/pages\/8\/revisions\/439"}],"wp:featuredmedia":[{"embeddable":true,"href":"https:\/\/www.ofenbau-krezdorn.com\/index.php?rest_route=\/wp\/v2\/media\/127"}],"wp:attachment":[{"href":"https:\/\/www.ofenbau-krezdorn.com\/index.php?rest_route=%2Fwp%2Fv2%2Fmedia&parent=8"}],"curies":[{"name":"wp","href":"https:\/\/api.w.org\/{rel}","templated":true}]}}