{"id":317,"date":"2014-07-04T09:22:51","date_gmt":"2014-07-04T09:22:51","guid":{"rendered":"http:\/\/www.ofenbau-krezdorn.com\/?page_id=317"},"modified":"2017-05-18T13:51:47","modified_gmt":"2017-05-18T13:51:47","slug":"herde","status":"publish","type":"page","link":"https:\/\/www.ofenbau-krezdorn.com\/?page_id=317","title":{"rendered":"Herde"},"content":{"rendered":"<h3>Iron Stoker Sparherd<\/h3>\n<div><strong>Braten, backen, grillen, schmoren ganz ohne Stromverbrauch und ohne Gas.<\/strong><\/div>\n<p>Der Kochherd oder auch Holzherd \u00a0von Gro\u00dfmutter erlebt einen neuen Boom und etabliert sich heute wieder zu einem hochwertigen und zuverl\u00e4ssigen K\u00fcchengehilfen. Vor allem wegen seiner F\u00e4higkeit ein breites Spektrum von Kochmethoden bedienen zu k\u00f6nnen und dabei auch noch die Heizkosten zu senken ist er heute wieder in aller Munde.\u00a0 Durch kontinuierliche Weiterentwicklung und innovative Techniken erarbeiteten wir die neue Generation von Herden. Wir vereinten die Vorz\u00fcge des klassischen Kochherdes mit den bauphysikalischen Anforderungen der heutigen Niederenergie Bauweise.\u00a0 Aus 20 Jahren Erfahrung entstand unser neuer eisen Heizer. Absolut einzigartig in Funktion und Leistung ist unser Iron Stoker, das Ma\u00df an der sich die Branche heute messen muss. Schnelle W\u00e4rmeabgabe, weniger Holzverbrauch, vielfache W\u00e4rmespeicherkapazit\u00e4t, absolute Dichtheit und Blower-Door- tauglich, das sind nur einige Vorz\u00fcge des Iron Stoker.<\/p>\n\n\t\t<style type=\"text\/css\">\n\t\t\t#gallery-1 {\n\t\t\t\tmargin: auto;\n\t\t\t}\n\t\t\t#gallery-1 .gallery-item {\n\t\t\t\tfloat: left;\n\t\t\t\tmargin-top: 10px;\n\t\t\t\ttext-align: center;\n\t\t\t\twidth: 25%;\n\t\t\t}\n\t\t\t#gallery-1 img {\n\t\t\t\tborder: 2px solid #cfcfcf;\n\t\t\t}\n\t\t\t#gallery-1 .gallery-caption {\n\t\t\t\tmargin-left: 0;\n\t\t\t}\n\t\t\t\/* see gallery_shortcode() in wp-includes\/media.php *\/\n\t\t<\/style>\n\t\t<div id='gallery-1' class='gallery galleryid-317 gallery-columns-4 gallery-size-thumbnail'><dl class='gallery-item'>\n\t\t\t<dt class='gallery-icon landscape'>\n\t\t\t\t<a href='https:\/\/www.ofenbau-krezdorn.com\/wp-content\/uploads\/2014\/07\/herd1.jpeg'><img width=\"150\" height=\"150\" src=\"https:\/\/www.ofenbau-krezdorn.com\/wp-content\/uploads\/2014\/07\/herd1-150x150.jpg\" class=\"attachment-thumbnail size-thumbnail\" alt=\"\" loading=\"lazy\" srcset=\"https:\/\/www.ofenbau-krezdorn.com\/wp-content\/uploads\/2014\/07\/herd1-150x150.jpg 150w, https:\/\/www.ofenbau-krezdorn.com\/wp-content\/uploads\/2014\/07\/herd1-114x114.jpg 114w\" sizes=\"(max-width: 150px) 100vw, 150px\" \/><\/a>\n\t\t\t<\/dt><\/dl><dl class='gallery-item'>\n\t\t\t<dt class='gallery-icon landscape'>\n\t\t\t\t<a href='https:\/\/www.ofenbau-krezdorn.com\/wp-content\/uploads\/2014\/07\/herd2.jpeg'><img width=\"150\" height=\"150\" src=\"https:\/\/www.ofenbau-krezdorn.com\/wp-content\/uploads\/2014\/07\/herd2-150x150.jpg\" class=\"attachment-thumbnail size-thumbnail\" alt=\"\" loading=\"lazy\" srcset=\"https:\/\/www.ofenbau-krezdorn.com\/wp-content\/uploads\/2014\/07\/herd2-150x150.jpg 150w, https:\/\/www.ofenbau-krezdorn.com\/wp-content\/uploads\/2014\/07\/herd2-114x114.jpg 114w\" sizes=\"(max-width: 150px) 100vw, 150px\" \/><\/a>\n\t\t\t<\/dt><\/dl><dl class='gallery-item'>\n\t\t\t<dt class='gallery-icon landscape'>\n\t\t\t\t<a href='https:\/\/www.ofenbau-krezdorn.com\/wp-content\/uploads\/2014\/07\/herd3.jpeg'><img width=\"150\" height=\"150\" src=\"https:\/\/www.ofenbau-krezdorn.com\/wp-content\/uploads\/2014\/07\/herd3-150x150.jpg\" class=\"attachment-thumbnail size-thumbnail\" alt=\"\" loading=\"lazy\" srcset=\"https:\/\/www.ofenbau-krezdorn.com\/wp-content\/uploads\/2014\/07\/herd3-150x150.jpg 150w, https:\/\/www.ofenbau-krezdorn.com\/wp-content\/uploads\/2014\/07\/herd3-114x114.jpg 114w\" sizes=\"(max-width: 150px) 100vw, 150px\" \/><\/a>\n\t\t\t<\/dt><\/dl><dl class='gallery-item'>\n\t\t\t<dt class='gallery-icon landscape'>\n\t\t\t\t<a href='https:\/\/www.ofenbau-krezdorn.com\/wp-content\/uploads\/2014\/07\/herd4.jpeg'><img width=\"150\" height=\"150\" src=\"https:\/\/www.ofenbau-krezdorn.com\/wp-content\/uploads\/2014\/07\/herd4-150x150.jpg\" class=\"attachment-thumbnail size-thumbnail\" alt=\"\" loading=\"lazy\" srcset=\"https:\/\/www.ofenbau-krezdorn.com\/wp-content\/uploads\/2014\/07\/herd4-150x150.jpg 150w, https:\/\/www.ofenbau-krezdorn.com\/wp-content\/uploads\/2014\/07\/herd4-114x114.jpg 114w\" sizes=\"(max-width: 150px) 100vw, 150px\" \/><\/a>\n\t\t\t<\/dt><\/dl><br style=\"clear: both\" \/>\n\t\t<\/div>\n\n<p>&nbsp;<\/p>\n<div><strong><a href=\"https:\/\/www.ofenbau-krezdorn.com\/wp-content\/uploads\/2014\/07\/iron-stoker-technischg.jpg\"><img loading=\"lazy\" class=\"alignleft size-medium wp-image-322\" title=\"iron-stoker-technischg\" src=\"https:\/\/www.ofenbau-krezdorn.com\/wp-content\/uploads\/2014\/07\/iron-stoker-technischg-295x300.jpg\" alt=\"\" width=\"295\" height=\"300\" srcset=\"https:\/\/www.ofenbau-krezdorn.com\/wp-content\/uploads\/2014\/07\/iron-stoker-technischg-295x300.jpg 295w, https:\/\/www.ofenbau-krezdorn.com\/wp-content\/uploads\/2014\/07\/iron-stoker-technischg-560x568.jpg 560w, https:\/\/www.ofenbau-krezdorn.com\/wp-content\/uploads\/2014\/07\/iron-stoker-technischg-680x690.jpg 680w, https:\/\/www.ofenbau-krezdorn.com\/wp-content\/uploads\/2014\/07\/iron-stoker-technischg.jpg 800w\" sizes=\"(max-width: 295px) 100vw, 295px\" \/><\/a>Speicherherd | Sparherd | Funktionsprinzip<\/strong><\/div>\n<p>Speicherherde, K\u00fcchenherde oder Holzherde sind Kleinfeuerstellen zum Kochen oder Beheizen von K\u00fcchen.<br \/>\nDer Holzherd wird \u00fcblicherweise in die K\u00fcchenm\u00f6bel integriert und dient in erster Linie zum Kochen.<br \/>\nDer K\u00fcchenherd wird mit Holz oder Holzbriketts betrieben.<br \/>\nDie Holzauflage liegt zwischen 2-6 kg und der Nachlegeintervall bei 30-50min.<br \/>\nGenerell brennt der Herd so lange wie man kochen bzw. heizen m\u00f6chte. Die W\u00e4rmeabgabe erfolgt prim\u00e4r \u00fcber das Kochfeld aus Ceranglas oder Keramikglas und sekund\u00e4r \u00fcber die Glast\u00fcr und als W\u00e4rmestrahlung\u00a0\u00fcber die Au\u00dfenh\u00fclle aus Keramik. Der W\u00e4rmespeicher nach 50 min. Heizen liegt bei ca. 6 Stunden.<\/p>\n<p>&nbsp;<\/p>\n<p><strong>St\u00e4rken:<\/strong><\/p>\n<ul>\n<li>schnelle W\u00e4rmeabgabe (durch Cerankochfeld und Glast\u00fcr 450\u00b0C)<\/li>\n<li>lange W\u00e4rmespeicherung (bis zu 8 Stunden)<\/li>\n<li>geringer Holzverbrauch (ca.6kg\/Tag)<\/li>\n<li>extrem langlebig (min. 70 Jahre)<\/li>\n<li>individuelle Ma\u00dfanfertigung (jede Anforderung machbar)<\/li>\n<li>transportabel (von der Mietwohnung ins Eigenheim)<\/li>\n<li>in verschiedenen L\u00e4ndern bis zu 50% gef\u00f6rdert (z.B.Italien)<\/li>\n<li>Luftdicht und mit externer Luftzufuhr Standard<\/li>\n<li>st\u00e4rkt die regionale Wirtschaft durch die Holzbeschaffung<\/li>\n<\/ul>\n","protected":false},"excerpt":{"rendered":"<p>Iron Stoker Sparherd Braten, backen, grillen, schmoren ganz ohne Stromverbrauch und ohne Gas. Der Kochherd oder auch Holzherd \u00a0von Gro\u00dfmutter erlebt einen neuen Boom und etabliert sich heute wieder zu einem hochwertigen und zuverl\u00e4ssigen K\u00fcchengehilfen. [&hellip;]<\/p>\n","protected":false},"author":1,"featured_media":323,"parent":0,"menu_order":0,"comment_status":"open","ping_status":"open","template":"","meta":[],"acf":[],"yoast_head":"<!-- This site is optimized with the Yoast SEO plugin v19.3 - https:\/\/yoast.com\/wordpress\/plugins\/seo\/ -->\n<title>Herd S\u00fcdtirol, Passeier \u2013 Ofenbau Krezdorn - Jetzt Termin vereinbaren!<\/title>\n<meta name=\"description\" content=\"Herd S\u00fcdtirol, Ofenbau Krezdorn in St. Martin in Passeier: Braten, backen, grillen, schmoren ganz ohne Stromverbrauch und ohne Gas.\" \/>\n<meta name=\"robots\" content=\"index, follow, max-snippet:-1, max-image-preview:large, max-video-preview:-1\" \/>\n<link rel=\"canonical\" href=\"https:\/\/www.ofenbau-krezdorn.com\/?page_id=317\" \/>\n<meta property=\"og:locale\" content=\"de_DE\" \/>\n<meta property=\"og:type\" content=\"article\" \/>\n<meta property=\"og:title\" content=\"Herd S\u00fcdtirol, Passeier \u2013 Ofenbau Krezdorn - Jetzt Termin vereinbaren!\" \/>\n<meta property=\"og:description\" content=\"Herd S\u00fcdtirol, Ofenbau Krezdorn in St. Martin in Passeier: Braten, backen, grillen, schmoren ganz ohne Stromverbrauch und ohne Gas.\" \/>\n<meta property=\"og:url\" content=\"https:\/\/www.ofenbau-krezdorn.com\/?page_id=317\" \/>\n<meta property=\"og:site_name\" content=\"Ofensetzer Florian Krezdorn\" \/>\n<meta property=\"article:modified_time\" content=\"2017-05-18T13:51:47+00:00\" \/>\n<meta property=\"og:image\" content=\"https:\/\/www.ofenbau-krezdorn.com\/wp-content\/uploads\/2014\/07\/iron-stokerg.jpg\" \/>\n\t<meta property=\"og:image:width\" content=\"798\" \/>\n\t<meta property=\"og:image:height\" content=\"557\" \/>\n\t<meta property=\"og:image:type\" content=\"image\/jpeg\" \/>\n<meta name=\"twitter:card\" content=\"summary\" \/>\n<meta name=\"twitter:label1\" content=\"Gesch\u00e4tzte Lesezeit\" \/>\n\t<meta name=\"twitter:data1\" content=\"2\u00a0Minuten\" \/>\n<script type=\"application\/ld+json\" class=\"yoast-schema-graph\">{\"@context\":\"https:\/\/schema.org\",\"@graph\":[{\"@type\":\"WebSite\",\"@id\":\"https:\/\/www.ofenbau-krezdorn.com\/#website\",\"url\":\"https:\/\/www.ofenbau-krezdorn.com\/\",\"name\":\"Ofensetzer Florian Krezdorn\",\"description\":\"St. Martin in Passeier\",\"potentialAction\":[{\"@type\":\"SearchAction\",\"target\":{\"@type\":\"EntryPoint\",\"urlTemplate\":\"https:\/\/www.ofenbau-krezdorn.com\/?s={search_term_string}\"},\"query-input\":\"required name=search_term_string\"}],\"inLanguage\":\"de\"},{\"@type\":\"ImageObject\",\"inLanguage\":\"de\",\"@id\":\"https:\/\/www.ofenbau-krezdorn.com\/?page_id=317#primaryimage\",\"url\":\"https:\/\/www.ofenbau-krezdorn.com\/wp-content\/uploads\/2014\/07\/iron-stokerg.jpg\",\"contentUrl\":\"https:\/\/www.ofenbau-krezdorn.com\/wp-content\/uploads\/2014\/07\/iron-stokerg.jpg\",\"width\":\"798\",\"height\":\"557\"},{\"@type\":\"WebPage\",\"@id\":\"https:\/\/www.ofenbau-krezdorn.com\/?page_id=317\",\"url\":\"https:\/\/www.ofenbau-krezdorn.com\/?page_id=317\",\"name\":\"Herd S\u00fcdtirol, Passeier \u2013 Ofenbau Krezdorn - Jetzt Termin vereinbaren!\",\"isPartOf\":{\"@id\":\"https:\/\/www.ofenbau-krezdorn.com\/#website\"},\"primaryImageOfPage\":{\"@id\":\"https:\/\/www.ofenbau-krezdorn.com\/?page_id=317#primaryimage\"},\"datePublished\":\"2014-07-04T09:22:51+00:00\",\"dateModified\":\"2017-05-18T13:51:47+00:00\",\"description\":\"Herd S\u00fcdtirol, Ofenbau Krezdorn in St. Martin in Passeier: Braten, backen, grillen, schmoren ganz ohne Stromverbrauch und ohne Gas.\",\"breadcrumb\":{\"@id\":\"https:\/\/www.ofenbau-krezdorn.com\/?page_id=317#breadcrumb\"},\"inLanguage\":\"de\",\"potentialAction\":[{\"@type\":\"ReadAction\",\"target\":[\"https:\/\/www.ofenbau-krezdorn.com\/?page_id=317\"]}]},{\"@type\":\"BreadcrumbList\",\"@id\":\"https:\/\/www.ofenbau-krezdorn.com\/?page_id=317#breadcrumb\",\"itemListElement\":[{\"@type\":\"ListItem\",\"position\":1,\"name\":\"Startseite\",\"item\":\"https:\/\/www.ofenbau-krezdorn.com\/\"},{\"@type\":\"ListItem\",\"position\":2,\"name\":\"Herde\"}]}]}<\/script>\n<!-- \/ Yoast SEO plugin. -->","yoast_head_json":{"title":"Herd S\u00fcdtirol, Passeier \u2013 Ofenbau Krezdorn - Jetzt Termin vereinbaren!","description":"Herd S\u00fcdtirol, Ofenbau Krezdorn in St. Martin in Passeier: Braten, backen, grillen, schmoren ganz ohne Stromverbrauch und ohne Gas.","robots":{"index":"index","follow":"follow","max-snippet":"max-snippet:-1","max-image-preview":"max-image-preview:large","max-video-preview":"max-video-preview:-1"},"canonical":"https:\/\/www.ofenbau-krezdorn.com\/?page_id=317","og_locale":"de_DE","og_type":"article","og_title":"Herd S\u00fcdtirol, Passeier \u2013 Ofenbau Krezdorn - Jetzt Termin vereinbaren!","og_description":"Herd S\u00fcdtirol, Ofenbau Krezdorn in St. Martin in Passeier: Braten, backen, grillen, schmoren ganz ohne Stromverbrauch und ohne Gas.","og_url":"https:\/\/www.ofenbau-krezdorn.com\/?page_id=317","og_site_name":"Ofensetzer Florian Krezdorn","article_modified_time":"2017-05-18T13:51:47+00:00","og_image":[{"width":"798","height":"557","url":"https:\/\/www.ofenbau-krezdorn.com\/wp-content\/uploads\/2014\/07\/iron-stokerg.jpg","type":"image\/jpeg"}],"twitter_card":"summary","twitter_misc":{"Gesch\u00e4tzte Lesezeit":"2\u00a0Minuten"},"schema":{"@context":"https:\/\/schema.org","@graph":[{"@type":"WebSite","@id":"https:\/\/www.ofenbau-krezdorn.com\/#website","url":"https:\/\/www.ofenbau-krezdorn.com\/","name":"Ofensetzer Florian Krezdorn","description":"St. Martin in Passeier","potentialAction":[{"@type":"SearchAction","target":{"@type":"EntryPoint","urlTemplate":"https:\/\/www.ofenbau-krezdorn.com\/?s={search_term_string}"},"query-input":"required name=search_term_string"}],"inLanguage":"de"},{"@type":"ImageObject","inLanguage":"de","@id":"https:\/\/www.ofenbau-krezdorn.com\/?page_id=317#primaryimage","url":"https:\/\/www.ofenbau-krezdorn.com\/wp-content\/uploads\/2014\/07\/iron-stokerg.jpg","contentUrl":"https:\/\/www.ofenbau-krezdorn.com\/wp-content\/uploads\/2014\/07\/iron-stokerg.jpg","width":"798","height":"557"},{"@type":"WebPage","@id":"https:\/\/www.ofenbau-krezdorn.com\/?page_id=317","url":"https:\/\/www.ofenbau-krezdorn.com\/?page_id=317","name":"Herd S\u00fcdtirol, Passeier \u2013 Ofenbau Krezdorn - Jetzt Termin vereinbaren!","isPartOf":{"@id":"https:\/\/www.ofenbau-krezdorn.com\/#website"},"primaryImageOfPage":{"@id":"https:\/\/www.ofenbau-krezdorn.com\/?page_id=317#primaryimage"},"datePublished":"2014-07-04T09:22:51+00:00","dateModified":"2017-05-18T13:51:47+00:00","description":"Herd S\u00fcdtirol, Ofenbau Krezdorn in St. Martin in Passeier: Braten, backen, grillen, schmoren ganz ohne Stromverbrauch und ohne Gas.","breadcrumb":{"@id":"https:\/\/www.ofenbau-krezdorn.com\/?page_id=317#breadcrumb"},"inLanguage":"de","potentialAction":[{"@type":"ReadAction","target":["https:\/\/www.ofenbau-krezdorn.com\/?page_id=317"]}]},{"@type":"BreadcrumbList","@id":"https:\/\/www.ofenbau-krezdorn.com\/?page_id=317#breadcrumb","itemListElement":[{"@type":"ListItem","position":1,"name":"Startseite","item":"https:\/\/www.ofenbau-krezdorn.com\/"},{"@type":"ListItem","position":2,"name":"Herde"}]}]}},"_links":{"self":[{"href":"https:\/\/www.ofenbau-krezdorn.com\/index.php?rest_route=\/wp\/v2\/pages\/317"}],"collection":[{"href":"https:\/\/www.ofenbau-krezdorn.com\/index.php?rest_route=\/wp\/v2\/pages"}],"about":[{"href":"https:\/\/www.ofenbau-krezdorn.com\/index.php?rest_route=\/wp\/v2\/types\/page"}],"author":[{"embeddable":true,"href":"https:\/\/www.ofenbau-krezdorn.com\/index.php?rest_route=\/wp\/v2\/users\/1"}],"replies":[{"embeddable":true,"href":"https:\/\/www.ofenbau-krezdorn.com\/index.php?rest_route=%2Fwp%2Fv2%2Fcomments&post=317"}],"version-history":[{"count":6,"href":"https:\/\/www.ofenbau-krezdorn.com\/index.php?rest_route=\/wp\/v2\/pages\/317\/revisions"}],"predecessor-version":[{"id":435,"href":"https:\/\/www.ofenbau-krezdorn.com\/index.php?rest_route=\/wp\/v2\/pages\/317\/revisions\/435"}],"wp:featuredmedia":[{"embeddable":true,"href":"https:\/\/www.ofenbau-krezdorn.com\/index.php?rest_route=\/wp\/v2\/media\/323"}],"wp:attachment":[{"href":"https:\/\/www.ofenbau-krezdorn.com\/index.php?rest_route=%2Fwp%2Fv2%2Fmedia&parent=317"}],"curies":[{"name":"wp","href":"https:\/\/api.w.org\/{rel}","templated":true}]}}