{"id":2,"date":"2012-01-11T15:10:12","date_gmt":"2012-01-11T15:10:12","guid":{"rendered":"http:\/\/www.ofenbau-krezdorn.com\/?page_id=2"},"modified":"2017-05-18T14:12:53","modified_gmt":"2017-05-18T14:12:53","slug":"oefen","status":"publish","type":"page","link":"https:\/\/www.ofenbau-krezdorn.com\/?page_id=2","title":{"rendered":"\u00d6fen"},"content":{"rendered":"<h3><span style=\"color: #888888;\">\u00d6fen sind in vielen Punkten nicht zu toppen:<\/span><\/h3>\n<p>&nbsp;<\/p>\n<h3><span style=\"color: #888888;\">Individueller Nutzen<\/span><\/h3>\n<ul>\n<li>Behagliche W\u00e4rme durch besondere Heiztechniken und optische Effekte (Sichtfeuer)<\/li>\n<li>Vielfalt an Heizsystemen erm\u00f6glichen die Einzelraumheizung oder die Heizung von gesamten Wohnungen und H\u00e4usern.<\/li>\n<li>Versorgungstechnik kann ganz den Bed\u00fcrfnissen des Betreibers angepasst werden.<\/li>\n<\/ul>\n<p>&nbsp;<\/p>\n<h3><span style=\"color: #888888;\">Heizen mit Holz: die Vorteile<\/span><\/h3>\n<p>Holz ist der \u00e4lteste Brennstoff der Menschheit. Entscheidend f\u00fcr seine N\u00fctzlichkeit sind der hohe Heizwert und die lange Brenndauer.<\/p>\n<ul>\n<li>Nachwachsender Rohstoff.<\/li>\n<li>CO\u00b2-neutral. Bei der Verbrennung wird genau so viel CO\u00b2 freigesetzt, wie der Baum w\u00e4hrend seines Lebens aus der Luft absorbiert hat und wie folglich auch anf\u00e4llt, wenn das Holz im Wald verrottet.<\/li>\n<li>Moderne Heizsysteme garantieren optimale Verbrennung und geringe Umweltbelastung.<\/li>\n<\/ul>\n<p>&nbsp;<\/p>\n<h3><span style=\"color: #888888;\">Wirtschaft<\/span><\/h3>\n<ul>\n<li>Lokale Arbeitspl\u00e4tze werden durch den einheimischem Anbau von Holz und durch die Produktion von Pellets\/Briketts gef\u00f6rdert.<\/li>\n<li>Geringe Kosten und weniger Umweltbelastung durch den kurzen Brennstofftransport.<\/li>\n<li>Der Wald wird kostendeckend aufger\u00e4umt und somit dem Sch\u00e4dlingsbefall entgegengewirkt.<\/li>\n<\/ul>\n<p>Bei nahezu keinem anderen Energietr\u00e4ger ist das Angebot an Heizsystemen gr\u00f6\u00dfer als beim Holz. F\u00fcr jeden Geschmack und jede Anforderung gibt es die passende Holzheizung. Deshalb ist es wichtig, dass wir als Ofenbauer fr\u00fchzeitig in die Planungsphase mit einbezogen werden. Dann k\u00f6nnen wir gemeinsam das geeignete Heiz- und Kaminsystem auszuw\u00e4hlen und die technischen Erfordernisse ber\u00fccksichtigen.<\/p>\n<blockquote>\n<h3><span style=\"color: #888888;\">Rufen Sie uns also rechtzeitig an, sobald Sie mit dem Gedanken spielen, einen Ofen in Ihr neues Haus einbauen zu lassen. Gemeinsam k\u00f6nnen wir von Anfang an Kosten und M\u00fchen sparen. Aber keine Angst. Selbst wenn Ihr Haus schon steht, oder Sie gar schon drinnen wohnen &#8211; wir finden eine L\u00f6sung. Versprochen!<\/span><\/h3>\n<\/blockquote>\n<p>&nbsp;<\/p>\n","protected":false},"excerpt":{"rendered":"<p>\u00d6fen sind in vielen Punkten nicht zu toppen: &nbsp; Individueller Nutzen Behagliche W\u00e4rme durch besondere Heiztechniken und optische Effekte (Sichtfeuer) Vielfalt an Heizsystemen erm\u00f6glichen die Einzelraumheizung oder die Heizung von gesamten Wohnungen und H\u00e4usern. Versorgungstechnik [&hellip;]<\/p>\n","protected":false},"author":1,"featured_media":125,"parent":0,"menu_order":0,"comment_status":"open","ping_status":"open","template":"","meta":[],"acf":[],"yoast_head":"<!-- This site is optimized with the Yoast SEO plugin v19.3 - https:\/\/yoast.com\/wordpress\/plugins\/seo\/ -->\n<title>\u00d6fen aus S\u00fcdtirol, St. Martin Passeier \u2013 Ofenbau Krezdorn<\/title>\n<meta name=\"description\" content=\"\u00d6fen aus S\u00fcdtirol bei Ofenbau Krezdorn, St. Martin in Passeier. Rufen Sie noch heute an und vereinbaren Sie einen Termin mit uns!\" \/>\n<meta name=\"robots\" content=\"index, follow, max-snippet:-1, max-image-preview:large, max-video-preview:-1\" \/>\n<link rel=\"canonical\" href=\"https:\/\/www.ofenbau-krezdorn.com\/?page_id=2\" \/>\n<meta property=\"og:locale\" content=\"de_DE\" \/>\n<meta property=\"og:type\" content=\"article\" \/>\n<meta property=\"og:title\" content=\"\u00d6fen aus S\u00fcdtirol, St. Martin Passeier \u2013 Ofenbau Krezdorn\" \/>\n<meta property=\"og:description\" content=\"\u00d6fen aus S\u00fcdtirol bei Ofenbau Krezdorn, St. Martin in Passeier. Rufen Sie noch heute an und vereinbaren Sie einen Termin mit uns!\" \/>\n<meta property=\"og:url\" content=\"https:\/\/www.ofenbau-krezdorn.com\/?page_id=2\" \/>\n<meta property=\"og:site_name\" content=\"Ofensetzer Florian Krezdorn\" \/>\n<meta property=\"article:modified_time\" content=\"2017-05-18T14:12:53+00:00\" \/>\n<meta property=\"og:image\" content=\"https:\/\/www.ofenbau-krezdorn.com\/wp-content\/uploads\/2012\/01\/oefen1.jpg\" \/>\n\t<meta property=\"og:image:width\" content=\"680\" \/>\n\t<meta property=\"og:image:height\" content=\"250\" \/>\n\t<meta property=\"og:image:type\" content=\"image\/jpeg\" \/>\n<meta name=\"twitter:card\" content=\"summary\" \/>\n<meta name=\"twitter:label1\" content=\"Gesch\u00e4tzte Lesezeit\" \/>\n\t<meta name=\"twitter:data1\" content=\"1\u00a0Minute\" \/>\n<script type=\"application\/ld+json\" class=\"yoast-schema-graph\">{\"@context\":\"https:\/\/schema.org\",\"@graph\":[{\"@type\":\"WebSite\",\"@id\":\"https:\/\/www.ofenbau-krezdorn.com\/#website\",\"url\":\"https:\/\/www.ofenbau-krezdorn.com\/\",\"name\":\"Ofensetzer Florian Krezdorn\",\"description\":\"St. Martin in Passeier\",\"potentialAction\":[{\"@type\":\"SearchAction\",\"target\":{\"@type\":\"EntryPoint\",\"urlTemplate\":\"https:\/\/www.ofenbau-krezdorn.com\/?s={search_term_string}\"},\"query-input\":\"required name=search_term_string\"}],\"inLanguage\":\"de\"},{\"@type\":\"ImageObject\",\"inLanguage\":\"de\",\"@id\":\"https:\/\/www.ofenbau-krezdorn.com\/?page_id=2#primaryimage\",\"url\":\"https:\/\/www.ofenbau-krezdorn.com\/wp-content\/uploads\/2012\/01\/oefen1.jpg\",\"contentUrl\":\"https:\/\/www.ofenbau-krezdorn.com\/wp-content\/uploads\/2012\/01\/oefen1.jpg\",\"width\":\"680\",\"height\":\"250\"},{\"@type\":\"WebPage\",\"@id\":\"https:\/\/www.ofenbau-krezdorn.com\/?page_id=2\",\"url\":\"https:\/\/www.ofenbau-krezdorn.com\/?page_id=2\",\"name\":\"\u00d6fen aus S\u00fcdtirol, St. Martin Passeier \u2013 Ofenbau Krezdorn\",\"isPartOf\":{\"@id\":\"https:\/\/www.ofenbau-krezdorn.com\/#website\"},\"primaryImageOfPage\":{\"@id\":\"https:\/\/www.ofenbau-krezdorn.com\/?page_id=2#primaryimage\"},\"datePublished\":\"2012-01-11T15:10:12+00:00\",\"dateModified\":\"2017-05-18T14:12:53+00:00\",\"description\":\"\u00d6fen aus S\u00fcdtirol bei Ofenbau Krezdorn, St. Martin in Passeier. Rufen Sie noch heute an und vereinbaren Sie einen Termin mit uns!\",\"breadcrumb\":{\"@id\":\"https:\/\/www.ofenbau-krezdorn.com\/?page_id=2#breadcrumb\"},\"inLanguage\":\"de\",\"potentialAction\":[{\"@type\":\"ReadAction\",\"target\":[\"https:\/\/www.ofenbau-krezdorn.com\/?page_id=2\"]}]},{\"@type\":\"BreadcrumbList\",\"@id\":\"https:\/\/www.ofenbau-krezdorn.com\/?page_id=2#breadcrumb\",\"itemListElement\":[{\"@type\":\"ListItem\",\"position\":1,\"name\":\"Startseite\",\"item\":\"https:\/\/www.ofenbau-krezdorn.com\/\"},{\"@type\":\"ListItem\",\"position\":2,\"name\":\"\u00d6fen\"}]}]}<\/script>\n<!-- \/ Yoast SEO plugin. -->","yoast_head_json":{"title":"\u00d6fen aus S\u00fcdtirol, St. Martin Passeier \u2013 Ofenbau Krezdorn","description":"\u00d6fen aus S\u00fcdtirol bei Ofenbau Krezdorn, St. Martin in Passeier. Rufen Sie noch heute an und vereinbaren Sie einen Termin mit uns!","robots":{"index":"index","follow":"follow","max-snippet":"max-snippet:-1","max-image-preview":"max-image-preview:large","max-video-preview":"max-video-preview:-1"},"canonical":"https:\/\/www.ofenbau-krezdorn.com\/?page_id=2","og_locale":"de_DE","og_type":"article","og_title":"\u00d6fen aus S\u00fcdtirol, St. Martin Passeier \u2013 Ofenbau Krezdorn","og_description":"\u00d6fen aus S\u00fcdtirol bei Ofenbau Krezdorn, St. Martin in Passeier. Rufen Sie noch heute an und vereinbaren Sie einen Termin mit uns!","og_url":"https:\/\/www.ofenbau-krezdorn.com\/?page_id=2","og_site_name":"Ofensetzer Florian Krezdorn","article_modified_time":"2017-05-18T14:12:53+00:00","og_image":[{"width":"680","height":"250","url":"https:\/\/www.ofenbau-krezdorn.com\/wp-content\/uploads\/2012\/01\/oefen1.jpg","type":"image\/jpeg"}],"twitter_card":"summary","twitter_misc":{"Gesch\u00e4tzte Lesezeit":"1\u00a0Minute"},"schema":{"@context":"https:\/\/schema.org","@graph":[{"@type":"WebSite","@id":"https:\/\/www.ofenbau-krezdorn.com\/#website","url":"https:\/\/www.ofenbau-krezdorn.com\/","name":"Ofensetzer Florian Krezdorn","description":"St. Martin in Passeier","potentialAction":[{"@type":"SearchAction","target":{"@type":"EntryPoint","urlTemplate":"https:\/\/www.ofenbau-krezdorn.com\/?s={search_term_string}"},"query-input":"required name=search_term_string"}],"inLanguage":"de"},{"@type":"ImageObject","inLanguage":"de","@id":"https:\/\/www.ofenbau-krezdorn.com\/?page_id=2#primaryimage","url":"https:\/\/www.ofenbau-krezdorn.com\/wp-content\/uploads\/2012\/01\/oefen1.jpg","contentUrl":"https:\/\/www.ofenbau-krezdorn.com\/wp-content\/uploads\/2012\/01\/oefen1.jpg","width":"680","height":"250"},{"@type":"WebPage","@id":"https:\/\/www.ofenbau-krezdorn.com\/?page_id=2","url":"https:\/\/www.ofenbau-krezdorn.com\/?page_id=2","name":"\u00d6fen aus S\u00fcdtirol, St. Martin Passeier \u2013 Ofenbau Krezdorn","isPartOf":{"@id":"https:\/\/www.ofenbau-krezdorn.com\/#website"},"primaryImageOfPage":{"@id":"https:\/\/www.ofenbau-krezdorn.com\/?page_id=2#primaryimage"},"datePublished":"2012-01-11T15:10:12+00:00","dateModified":"2017-05-18T14:12:53+00:00","description":"\u00d6fen aus S\u00fcdtirol bei Ofenbau Krezdorn, St. Martin in Passeier. Rufen Sie noch heute an und vereinbaren Sie einen Termin mit uns!","breadcrumb":{"@id":"https:\/\/www.ofenbau-krezdorn.com\/?page_id=2#breadcrumb"},"inLanguage":"de","potentialAction":[{"@type":"ReadAction","target":["https:\/\/www.ofenbau-krezdorn.com\/?page_id=2"]}]},{"@type":"BreadcrumbList","@id":"https:\/\/www.ofenbau-krezdorn.com\/?page_id=2#breadcrumb","itemListElement":[{"@type":"ListItem","position":1,"name":"Startseite","item":"https:\/\/www.ofenbau-krezdorn.com\/"},{"@type":"ListItem","position":2,"name":"\u00d6fen"}]}]}},"_links":{"self":[{"href":"https:\/\/www.ofenbau-krezdorn.com\/index.php?rest_route=\/wp\/v2\/pages\/2"}],"collection":[{"href":"https:\/\/www.ofenbau-krezdorn.com\/index.php?rest_route=\/wp\/v2\/pages"}],"about":[{"href":"https:\/\/www.ofenbau-krezdorn.com\/index.php?rest_route=\/wp\/v2\/types\/page"}],"author":[{"embeddable":true,"href":"https:\/\/www.ofenbau-krezdorn.com\/index.php?rest_route=\/wp\/v2\/users\/1"}],"replies":[{"embeddable":true,"href":"https:\/\/www.ofenbau-krezdorn.com\/index.php?rest_route=%2Fwp%2Fv2%2Fcomments&post=2"}],"version-history":[{"count":18,"href":"https:\/\/www.ofenbau-krezdorn.com\/index.php?rest_route=\/wp\/v2\/pages\/2\/revisions"}],"predecessor-version":[{"id":437,"href":"https:\/\/www.ofenbau-krezdorn.com\/index.php?rest_route=\/wp\/v2\/pages\/2\/revisions\/437"}],"wp:featuredmedia":[{"embeddable":true,"href":"https:\/\/www.ofenbau-krezdorn.com\/index.php?rest_route=\/wp\/v2\/media\/125"}],"wp:attachment":[{"href":"https:\/\/www.ofenbau-krezdorn.com\/index.php?rest_route=%2Fwp%2Fv2%2Fmedia&parent=2"}],"curies":[{"name":"wp","href":"https:\/\/api.w.org\/{rel}","templated":true}]}}